{"id":1523,"date":"2014-07-09T10:42:28","date_gmt":"2014-07-09T08:42:28","guid":{"rendered":"http:\/\/deportesycomunicacion.com\/?page_id=1523"},"modified":"2026-03-10T16:25:15","modified_gmt":"2026-03-10T15:25:15","slug":"como-puede-el-deporte-ayudar-mi-empresa","status":"publish","type":"page","link":"https:\/\/deportesycomunicacion.com\/?page_id=1523","title":{"rendered":"\u00bfC\u00d3MO EL DEPORTE AYUDA A TU EMPRESA?"},"content":{"rendered":"<h3 style=\"text-align: justify;\"><strong>El deporte ense\u00f1a valores. Te alecciona a levantarte despu\u00e9s de caer, a aceptar la derrota, a saborear el triunfo, a disfrutar del camino&#8230; <\/strong><\/h3>\n<p style=\"text-align: justify;\"><strong>A modo de ejemplo, os quiero mostrar todo lo que he aprendido al pasar del f\u00fatbol al mundo del triatl\u00f3n:<\/strong><\/p>\n<p style=\"text-align: justify;\">La curiosidad de ni\u00f1o, aderezada por una p\u00f3cima mezcla de incertidumbre y adrenalina, me empuj\u00f3 a <strong>ir hacia lo desconocido<\/strong>, a sentir las <strong>mariposas en el est\u00f3mago del principiante<\/strong> \u00bfpor qu\u00e9 cu\u00e1l fue la \u00faltima vez que hiciste algo por primera vez?<\/p>\n<p style=\"text-align: justify;\">En el triatl\u00f3n hay que dominar tres disciplinas y ser muy <strong>din\u00e1mico<\/strong>.<\/p>\n<p style=\"text-align: justify;\"><a href=\"http:\/\/deportesycomunicacion.com\/wp-content\/uploads\/2014\/06\/DSC01031.jpg\"><img loading=\"lazy\" decoding=\"async\" class=\"alignleft size-thumbnail wp-image-1542\" src=\"http:\/\/deportesycomunicacion.com\/wp-content\/uploads\/2014\/06\/DSC01031-150x150.jpg\" alt=\"DSC01031\" width=\"150\" height=\"150\" srcset=\"https:\/\/deportesycomunicacion.com\/wp-content\/uploads\/2014\/06\/DSC01031-150x150.jpg 150w, https:\/\/deportesycomunicacion.com\/wp-content\/uploads\/2014\/06\/DSC01031-56x56.jpg 56w, https:\/\/deportesycomunicacion.com\/wp-content\/uploads\/2014\/06\/DSC01031-50x50.jpg 50w\" sizes=\"auto, (max-width: 150px) 100vw, 150px\" \/><\/a>La carrera empieza d\u00edas antes en tu cabeza, repasando y <strong>organizando<\/strong> mentalmente todo el material necesario y las <strong>rutinas<\/strong> que vas a realizar en el cambio de nataci\u00f3n a bici y de bici a correr.<\/p>\n<p style=\"text-align: justify;\">Cada salida de nataci\u00f3n es \u00fanica e irrepetible.\u00a0Debes <strong>adaptarte<\/strong> a las salidas masivas, los golpes, las corrientes, la temperatura del agua, las olas, el viento\u2026 Tus habilidades y t\u00e9cnica quedan expuestas cada vez a nuevas condiciones, porqu\u00e9 el mar nunca es el mismo.<\/p>\n<p style=\"text-align: justify;\"><a href=\"http:\/\/deportesycomunicacion.com\/wp-content\/uploads\/2014\/06\/20x30-TMAH0563.jpeg\"><img loading=\"lazy\" decoding=\"async\" class=\"size-thumbnail wp-image-1541 alignright\" src=\"http:\/\/deportesycomunicacion.com\/wp-content\/uploads\/2014\/06\/20x30-TMAH0563-150x150.jpeg\" alt=\"20x30-TMAH0563\" width=\"150\" height=\"150\" srcset=\"https:\/\/deportesycomunicacion.com\/wp-content\/uploads\/2014\/06\/20x30-TMAH0563-150x150.jpeg 150w, https:\/\/deportesycomunicacion.com\/wp-content\/uploads\/2014\/06\/20x30-TMAH0563-56x56.jpeg 56w, https:\/\/deportesycomunicacion.com\/wp-content\/uploads\/2014\/06\/20x30-TMAH0563-50x50.jpeg 50w\" sizes=\"auto, (max-width: 150px) 100vw, 150px\" \/><\/a>En el tramo en bicicleta -si vas en pelot\u00f3n- el\u00a0tributo que vas a tener que rendir es la\u00a0<strong>confianza<\/strong> en\u00a0el grupo. No conoces de nada al l\u00edder del grupo, el que te lanza y gu\u00eda en las rotondas y negocia cada curva\u2026<\/p>\n<p style=\"text-align: justify;\">Y llega la carrera a pie.\u00a0En los momentos en los que el f\u00edsico empieza a flojear, una <strong>mente clara y anal\u00edtica<\/strong> potencia las posibilidades de \u00e9xito. Es hora de <strong>evaluar si es viable conseguir el objetivo<\/strong>, ser<strong> honesto<\/strong> y <strong>sincero<\/strong> contigo mismo\u2026<\/p>\n<p style=\"text-align: justify;\"><strong><a href=\"http:\/\/deportesycomunicacion.com\/wp-content\/uploads\/2014\/06\/web-CBEK1507-2.jpeg\"><img loading=\"lazy\" decoding=\"async\" class=\"alignleft size-thumbnail wp-image-1561\" src=\"http:\/\/deportesycomunicacion.com\/wp-content\/uploads\/2014\/06\/web-CBEK1507-2-150x150.jpeg\" alt=\"web-CBEK1507 2\" width=\"150\" height=\"150\" srcset=\"https:\/\/deportesycomunicacion.com\/wp-content\/uploads\/2014\/06\/web-CBEK1507-2-150x150.jpeg 150w, https:\/\/deportesycomunicacion.com\/wp-content\/uploads\/2014\/06\/web-CBEK1507-2-56x56.jpeg 56w, https:\/\/deportesycomunicacion.com\/wp-content\/uploads\/2014\/06\/web-CBEK1507-2-50x50.jpeg 50w, https:\/\/deportesycomunicacion.com\/wp-content\/uploads\/2014\/06\/web-CBEK1507-2.jpeg 235w\" sizes=\"auto, (max-width: 150px) 100vw, 150px\" \/><\/a>\u00bfA\u00fan crees que el deporte no puede ayudar a tu empresa a ser m\u00e1s eficiente?<\/strong><\/p>\n","protected":false},"excerpt":{"rendered":"<p>El deporte ense\u00f1a valores. Te alecciona a levantarte despu\u00e9s de caer, a aceptar la derrota, a &hellip; <a title=\"\u00bfC\u00d3MO EL DEPORTE AYUDA A TU EMPRESA?\" class=\"hm-read-more\" href=\"https:\/\/deportesycomunicacion.com\/?page_id=1523\"><span class=\"screen-reader-text\">\u00bfC\u00d3MO EL DEPORTE AYUDA A TU EMPRESA?<\/span>Leer m\u00e1s<\/a><\/p>\n","protected":false},"author":2,"featured_media":0,"parent":0,"menu_order":4,"comment_status":"closed","ping_status":"open","template":"","meta":{"footnotes":""},"class_list":["post-1523","page","type-page","status-publish","hentry"],"yoast_head":"<!-- This site is optimized with the Yoast SEO plugin v24.8.1 - https:\/\/yoast.com\/wordpress\/plugins\/seo\/ -->\n<title>Comunicaci\u00f3n para ser m\u00e1s eficaz, m\u00e1s eficiente<\/title>\n<meta name=\"description\" content=\"El deporte y la comunicaci\u00f3n ense\u00f1an a tu empresa a tener equipos m\u00e1s eficaces, m\u00e1s comprometidos, m\u00e1s felices.\" \/>\n<meta name=\"robots\" content=\"index, follow, max-snippet:-1, max-image-preview:large, max-video-preview:-1\" \/>\n<link rel=\"canonical\" href=\"https:\/\/deportesycomunicacion.com\/?page_id=1523\" \/>\n<meta property=\"og:locale\" content=\"es_ES\" \/>\n<meta property=\"og:type\" content=\"article\" \/>\n<meta property=\"og:title\" content=\"Comunicaci\u00f3n para ser m\u00e1s eficaz, m\u00e1s eficiente\" \/>\n<meta property=\"og:description\" content=\"El deporte y la comunicaci\u00f3n ense\u00f1an a tu empresa a tener equipos m\u00e1s eficaces, m\u00e1s comprometidos, m\u00e1s felices.\" \/>\n<meta property=\"og:url\" content=\"https:\/\/deportesycomunicacion.com\/?page_id=1523\" \/>\n<meta property=\"og:site_name\" content=\"Deportes y Comunicaci\u00f3n\" \/>\n<meta property=\"article:publisher\" content=\"https:\/\/www.facebook.com\/ivan.ferrercayuela\" \/>\n<meta property=\"article:modified_time\" content=\"2026-03-10T15:25:15+00:00\" \/>\n<meta property=\"og:image\" content=\"https:\/\/deportesycomunicacion.com\/wp-content\/uploads\/2014\/06\/DSC01031-1024x768.jpg\" \/>\n\t<meta property=\"og:image:width\" content=\"1024\" \/>\n\t<meta property=\"og:image:height\" content=\"768\" \/>\n\t<meta property=\"og:image:type\" content=\"image\/jpeg\" \/>\n<meta name=\"twitter:card\" content=\"summary_large_image\" \/>\n<meta name=\"twitter:site\" content=\"@IFC1976\" \/>\n<meta name=\"twitter:label1\" content=\"Tiempo de lectura\" \/>\n\t<meta name=\"twitter:data1\" content=\"1 minuto\" \/>\n<script type=\"application\/ld+json\" class=\"yoast-schema-graph\">{\"@context\":\"https:\/\/schema.org\",\"@graph\":[{\"@type\":\"WebPage\",\"@id\":\"https:\/\/deportesycomunicacion.com\/?page_id=1523\",\"url\":\"https:\/\/deportesycomunicacion.com\/?page_id=1523\",\"name\":\"Comunicaci\u00f3n para ser m\u00e1s eficaz, m\u00e1s eficiente\",\"isPartOf\":{\"@id\":\"https:\/\/deportesycomunicacion.com\/#website\"},\"primaryImageOfPage\":{\"@id\":\"https:\/\/deportesycomunicacion.com\/?page_id=1523#primaryimage\"},\"image\":{\"@id\":\"https:\/\/deportesycomunicacion.com\/?page_id=1523#primaryimage\"},\"thumbnailUrl\":\"http:\/\/deportesycomunicacion.com\/wp-content\/uploads\/2014\/06\/DSC01031-150x150.jpg\",\"datePublished\":\"2014-07-09T08:42:28+00:00\",\"dateModified\":\"2026-03-10T15:25:15+00:00\",\"description\":\"El deporte y la comunicaci\u00f3n ense\u00f1an a tu empresa a tener equipos m\u00e1s eficaces, m\u00e1s comprometidos, m\u00e1s felices.\",\"breadcrumb\":{\"@id\":\"https:\/\/deportesycomunicacion.com\/?page_id=1523#breadcrumb\"},\"inLanguage\":\"es\",\"potentialAction\":[{\"@type\":\"ReadAction\",\"target\":[\"https:\/\/deportesycomunicacion.com\/?page_id=1523\"]}]},{\"@type\":\"ImageObject\",\"inLanguage\":\"es\",\"@id\":\"https:\/\/deportesycomunicacion.com\/?page_id=1523#primaryimage\",\"url\":\"https:\/\/deportesycomunicacion.com\/wp-content\/uploads\/2014\/06\/DSC01031.jpg\",\"contentUrl\":\"https:\/\/deportesycomunicacion.com\/wp-content\/uploads\/2014\/06\/DSC01031.jpg\",\"width\":3264,\"height\":2448},{\"@type\":\"BreadcrumbList\",\"@id\":\"https:\/\/deportesycomunicacion.com\/?page_id=1523#breadcrumb\",\"itemListElement\":[{\"@type\":\"ListItem\",\"position\":1,\"name\":\"Portada\",\"item\":\"https:\/\/deportesycomunicacion.com\/\"},{\"@type\":\"ListItem\",\"position\":2,\"name\":\"\u00bfC\u00d3MO EL DEPORTE AYUDA A TU EMPRESA?\"}]},{\"@type\":\"WebSite\",\"@id\":\"https:\/\/deportesycomunicacion.com\/#website\",\"url\":\"https:\/\/deportesycomunicacion.com\/\",\"name\":\"Deportes y Comunicaci\u00f3n\",\"description\":\"Powered by Ivan Ferrer\",\"publisher\":{\"@id\":\"https:\/\/deportesycomunicacion.com\/#organization\"},\"potentialAction\":[{\"@type\":\"SearchAction\",\"target\":{\"@type\":\"EntryPoint\",\"urlTemplate\":\"https:\/\/deportesycomunicacion.com\/?s={search_term_string}\"},\"query-input\":{\"@type\":\"PropertyValueSpecification\",\"valueRequired\":true,\"valueName\":\"search_term_string\"}}],\"inLanguage\":\"es\"},{\"@type\":\"Organization\",\"@id\":\"https:\/\/deportesycomunicacion.com\/#organization\",\"name\":\"Deportes y Comunicaci\u00f3n\",\"url\":\"https:\/\/deportesycomunicacion.com\/\",\"logo\":{\"@type\":\"ImageObject\",\"inLanguage\":\"es\",\"@id\":\"https:\/\/deportesycomunicacion.com\/#\/schema\/logo\/image\/\",\"url\":\"https:\/\/deportesycomunicacion.com\/wp-content\/uploads\/2013\/05\/cropped-Logo-Deportes-Comunicacion.jpg\",\"contentUrl\":\"https:\/\/deportesycomunicacion.com\/wp-content\/uploads\/2013\/05\/cropped-Logo-Deportes-Comunicacion.jpg\",\"width\":300,\"height\":65,\"caption\":\"Deportes y Comunicaci\u00f3n\"},\"image\":{\"@id\":\"https:\/\/deportesycomunicacion.com\/#\/schema\/logo\/image\/\"},\"sameAs\":[\"https:\/\/www.facebook.com\/ivan.ferrercayuela\",\"https:\/\/x.com\/IFC1976\"]}]}<\/script>\n<!-- \/ Yoast SEO plugin. -->","yoast_head_json":{"title":"Comunicaci\u00f3n para ser m\u00e1s eficaz, m\u00e1s eficiente","description":"El deporte y la comunicaci\u00f3n ense\u00f1an a tu empresa a tener equipos m\u00e1s eficaces, m\u00e1s comprometidos, m\u00e1s felices.","robots":{"index":"index","follow":"follow","max-snippet":"max-snippet:-1","max-image-preview":"max-image-preview:large","max-video-preview":"max-video-preview:-1"},"canonical":"https:\/\/deportesycomunicacion.com\/?page_id=1523","og_locale":"es_ES","og_type":"article","og_title":"Comunicaci\u00f3n para ser m\u00e1s eficaz, m\u00e1s eficiente","og_description":"El deporte y la comunicaci\u00f3n ense\u00f1an a tu empresa a tener equipos m\u00e1s eficaces, m\u00e1s comprometidos, m\u00e1s felices.","og_url":"https:\/\/deportesycomunicacion.com\/?page_id=1523","og_site_name":"Deportes y Comunicaci\u00f3n","article_publisher":"https:\/\/www.facebook.com\/ivan.ferrercayuela","article_modified_time":"2026-03-10T15:25:15+00:00","og_image":[{"width":1024,"height":768,"url":"https:\/\/deportesycomunicacion.com\/wp-content\/uploads\/2014\/06\/DSC01031-1024x768.jpg","type":"image\/jpeg"}],"twitter_card":"summary_large_image","twitter_site":"@IFC1976","twitter_misc":{"Tiempo de lectura":"1 minuto"},"schema":{"@context":"https:\/\/schema.org","@graph":[{"@type":"WebPage","@id":"https:\/\/deportesycomunicacion.com\/?page_id=1523","url":"https:\/\/deportesycomunicacion.com\/?page_id=1523","name":"Comunicaci\u00f3n para ser m\u00e1s eficaz, m\u00e1s eficiente","isPartOf":{"@id":"https:\/\/deportesycomunicacion.com\/#website"},"primaryImageOfPage":{"@id":"https:\/\/deportesycomunicacion.com\/?page_id=1523#primaryimage"},"image":{"@id":"https:\/\/deportesycomunicacion.com\/?page_id=1523#primaryimage"},"thumbnailUrl":"http:\/\/deportesycomunicacion.com\/wp-content\/uploads\/2014\/06\/DSC01031-150x150.jpg","datePublished":"2014-07-09T08:42:28+00:00","dateModified":"2026-03-10T15:25:15+00:00","description":"El deporte y la comunicaci\u00f3n ense\u00f1an a tu empresa a tener equipos m\u00e1s eficaces, m\u00e1s comprometidos, m\u00e1s felices.","breadcrumb":{"@id":"https:\/\/deportesycomunicacion.com\/?page_id=1523#breadcrumb"},"inLanguage":"es","potentialAction":[{"@type":"ReadAction","target":["https:\/\/deportesycomunicacion.com\/?page_id=1523"]}]},{"@type":"ImageObject","inLanguage":"es","@id":"https:\/\/deportesycomunicacion.com\/?page_id=1523#primaryimage","url":"https:\/\/deportesycomunicacion.com\/wp-content\/uploads\/2014\/06\/DSC01031.jpg","contentUrl":"https:\/\/deportesycomunicacion.com\/wp-content\/uploads\/2014\/06\/DSC01031.jpg","width":3264,"height":2448},{"@type":"BreadcrumbList","@id":"https:\/\/deportesycomunicacion.com\/?page_id=1523#breadcrumb","itemListElement":[{"@type":"ListItem","position":1,"name":"Portada","item":"https:\/\/deportesycomunicacion.com\/"},{"@type":"ListItem","position":2,"name":"\u00bfC\u00d3MO EL DEPORTE AYUDA A TU EMPRESA?"}]},{"@type":"WebSite","@id":"https:\/\/deportesycomunicacion.com\/#website","url":"https:\/\/deportesycomunicacion.com\/","name":"Deportes y Comunicaci\u00f3n","description":"Powered by Ivan Ferrer","publisher":{"@id":"https:\/\/deportesycomunicacion.com\/#organization"},"potentialAction":[{"@type":"SearchAction","target":{"@type":"EntryPoint","urlTemplate":"https:\/\/deportesycomunicacion.com\/?s={search_term_string}"},"query-input":{"@type":"PropertyValueSpecification","valueRequired":true,"valueName":"search_term_string"}}],"inLanguage":"es"},{"@type":"Organization","@id":"https:\/\/deportesycomunicacion.com\/#organization","name":"Deportes y Comunicaci\u00f3n","url":"https:\/\/deportesycomunicacion.com\/","logo":{"@type":"ImageObject","inLanguage":"es","@id":"https:\/\/deportesycomunicacion.com\/#\/schema\/logo\/image\/","url":"https:\/\/deportesycomunicacion.com\/wp-content\/uploads\/2013\/05\/cropped-Logo-Deportes-Comunicacion.jpg","contentUrl":"https:\/\/deportesycomunicacion.com\/wp-content\/uploads\/2013\/05\/cropped-Logo-Deportes-Comunicacion.jpg","width":300,"height":65,"caption":"Deportes y Comunicaci\u00f3n"},"image":{"@id":"https:\/\/deportesycomunicacion.com\/#\/schema\/logo\/image\/"},"sameAs":["https:\/\/www.facebook.com\/ivan.ferrercayuela","https:\/\/x.com\/IFC1976"]}]}},"_links":{"self":[{"href":"https:\/\/deportesycomunicacion.com\/index.php?rest_route=\/wp\/v2\/pages\/1523","targetHints":{"allow":["GET"]}}],"collection":[{"href":"https:\/\/deportesycomunicacion.com\/index.php?rest_route=\/wp\/v2\/pages"}],"about":[{"href":"https:\/\/deportesycomunicacion.com\/index.php?rest_route=\/wp\/v2\/types\/page"}],"author":[{"embeddable":true,"href":"https:\/\/deportesycomunicacion.com\/index.php?rest_route=\/wp\/v2\/users\/2"}],"replies":[{"embeddable":true,"href":"https:\/\/deportesycomunicacion.com\/index.php?rest_route=%2Fwp%2Fv2%2Fcomments&post=1523"}],"version-history":[{"count":22,"href":"https:\/\/deportesycomunicacion.com\/index.php?rest_route=\/wp\/v2\/pages\/1523\/revisions"}],"predecessor-version":[{"id":3951,"href":"https:\/\/deportesycomunicacion.com\/index.php?rest_route=\/wp\/v2\/pages\/1523\/revisions\/3951"}],"wp:attachment":[{"href":"https:\/\/deportesycomunicacion.com\/index.php?rest_route=%2Fwp%2Fv2%2Fmedia&parent=1523"}],"curies":[{"name":"wp","href":"https:\/\/api.w.org\/{rel}","templated":true}]}}